{"id":7691,"date":"2023-01-22T12:44:57","date_gmt":"2023-01-22T11:44:57","guid":{"rendered":"https:\/\/www.wehlheider-hoftheater.de\/index\/?page_id=7691"},"modified":"2023-01-22T12:46:24","modified_gmt":"2023-01-22T11:46:24","slug":"111-jaehriges-jubilaeum-in-2022","status":"publish","type":"page","link":"https:\/\/www.wehlheider-hoftheater.de\/index\/111-jaehriges-jubilaeum-in-2022\/","title":{"rendered":"111 J\u00e4hriges jubil\u00e4um in 2022"},"content":{"rendered":"\t\t<div data-elementor-type=\"wp-page\" data-elementor-id=\"7691\" class=\"elementor elementor-7691\">\n\t\t\t\t\t\t<section class=\"elementor-section elementor-top-section elementor-element elementor-element-78f27b91 elementor-section-boxed elementor-section-height-default elementor-section-height-default\" data-id=\"78f27b91\" data-element_type=\"section\" data-e-type=\"section\">\n\t\t\t\t\t\t<div class=\"elementor-container elementor-column-gap-default\">\n\t\t\t\t\t<div class=\"elementor-column elementor-col-100 elementor-top-column elementor-element elementor-element-1497a8c2\" data-id=\"1497a8c2\" data-element_type=\"column\" data-e-type=\"column\">\n\t\t\t<div class=\"elementor-widget-wrap elementor-element-populated\">\n\t\t\t\t\t\t<div class=\"elementor-element elementor-element-1894457c elementor-widget elementor-widget-text-editor\" data-id=\"1894457c\" data-element_type=\"widget\" data-e-type=\"widget\" data-widget_type=\"text-editor.default\">\n\t\t\t\t<div class=\"elementor-widget-container\">\n\t\t\t\t\t\t\t\t\t<p><strong>111 j\u00e4hriges Jubil\u00e4um<br \/><\/strong><\/p>\t\t\t\t\t\t\t\t<\/div>\n\t\t\t\t<\/div>\n\t\t\t\t\t<\/div>\n\t\t<\/div>\n\t\t\t\t\t<\/div>\n\t\t<\/section>\n\t\t\t\t<section class=\"elementor-section elementor-top-section elementor-element elementor-element-1c9fe59a elementor-section-boxed elementor-section-height-default elementor-section-height-default\" data-id=\"1c9fe59a\" data-element_type=\"section\" data-e-type=\"section\">\n\t\t\t\t\t\t<div class=\"elementor-container elementor-column-gap-default\">\n\t\t\t\t\t<div class=\"elementor-column elementor-col-100 elementor-top-column elementor-element elementor-element-22ea1874\" data-id=\"22ea1874\" data-element_type=\"column\" data-e-type=\"column\">\n\t\t\t<div class=\"elementor-widget-wrap elementor-element-populated\">\n\t\t\t\t\t\t<div class=\"elementor-element elementor-element-5c3f8304 elementor-widget elementor-widget-text-editor\" data-id=\"5c3f8304\" data-element_type=\"widget\" data-e-type=\"widget\" data-widget_type=\"text-editor.default\">\n\t\t\t\t<div class=\"elementor-widget-container\">\n\t\t\t\t\t\t\t\t\t<p>Vom 30.09. bis zum 3.10.2022 feierten wir unser 111 j\u00e4hriges Jubil\u00e4um mit 5 verschiedenen St\u00fccken aus unterschiedlichen Genres und einer gro\u00dfen Martinee. Eindr\u00fccke zu dieser Martinee m\u00f6chten wir euch hier gerne zeigen:<\/p>\t\t\t\t\t\t\t\t<\/div>\n\t\t\t\t<\/div>\n\t\t\t\t\t<\/div>\n\t\t<\/div>\n\t\t\t\t\t<\/div>\n\t\t<\/section>\n\t\t\t\t<section class=\"elementor-section elementor-top-section elementor-element elementor-element-209dc6b4 elementor-section-boxed elementor-section-height-default elementor-section-height-default\" data-id=\"209dc6b4\" data-element_type=\"section\" data-e-type=\"section\">\n\t\t\t\t\t\t<div class=\"elementor-container elementor-column-gap-default\">\n\t\t\t\t\t<div class=\"elementor-column elementor-col-100 elementor-top-column elementor-element elementor-element-6126ed30\" data-id=\"6126ed30\" data-element_type=\"column\" data-e-type=\"column\">\n\t\t\t<div class=\"elementor-widget-wrap elementor-element-populated\">\n\t\t\t\t\t\t<div class=\"elementor-element elementor-element-5b0c4b12 elementor-widget elementor-widget-text-editor\" data-id=\"5b0c4b12\" data-element_type=\"widget\" data-e-type=\"widget\" data-widget_type=\"text-editor.default\">\n\t\t\t\t<div class=\"elementor-widget-container\">\n\t\t\t\t\t\t\t\t\t<p><strong>Jubil\u00e4umsbilder<br \/><\/strong><\/p>\t\t\t\t\t\t\t\t<\/div>\n\t\t\t\t<\/div>\n\t\t\t\t\t<\/div>\n\t\t<\/div>\n\t\t\t\t\t<\/div>\n\t\t<\/section>\n\t\t\t\t<section class=\"elementor-section elementor-top-section elementor-element elementor-element-640e20d7 elementor-section-boxed elementor-section-height-default elementor-section-height-default\" data-id=\"640e20d7\" data-element_type=\"section\" data-e-type=\"section\">\n\t\t\t\t\t\t<div class=\"elementor-container elementor-column-gap-default\">\n\t\t\t\t\t<div class=\"elementor-column elementor-col-100 elementor-top-column elementor-element elementor-element-1eaa0958\" data-id=\"1eaa0958\" data-element_type=\"column\" data-e-type=\"column\">\n\t\t\t<div class=\"elementor-widget-wrap elementor-element-populated\">\n\t\t\t\t\t\t<div class=\"elementor-element elementor-element-1a15f90b elementor-arrows-position-inside elementor-pagination-position-outside elementor-widget elementor-widget-image-carousel\" data-id=\"1a15f90b\" data-element_type=\"widget\" data-e-type=\"widget\" data-settings=\"{&quot;navigation&quot;:&quot;both&quot;,&quot;autoplay&quot;:&quot;yes&quot;,&quot;pause_on_hover&quot;:&quot;yes&quot;,&quot;pause_on_interaction&quot;:&quot;yes&quot;,&quot;autoplay_speed&quot;:5000,&quot;infinite&quot;:&quot;yes&quot;,&quot;speed&quot;:500}\" data-widget_type=\"image-carousel.default\">\n\t\t\t\t<div class=\"elementor-widget-container\">\n\t\t\t\t\t\t\t<div class=\"elementor-image-carousel-wrapper swiper\" role=\"region\" aria-roledescription=\"carousel\" aria-label=\"Bild Karussell\" dir=\"ltr\">\n\t\t\t<div class=\"elementor-image-carousel swiper-wrapper\" aria-live=\"off\">\n\t\t\t\t\t\t\t\t<div class=\"swiper-slide\" role=\"group\" aria-roledescription=\"slide\" aria-label=\"1 von 5\"><a data-elementor-open-lightbox=\"yes\" data-elementor-lightbox-slideshow=\"1a15f90b\" data-elementor-lightbox-title=\"DSC_0074 (2)\" data-e-action-hash=\"#elementor-action%3Aaction%3Dlightbox%26settings%3DeyJpZCI6Njg2NywidXJsIjoiaHR0cHM6XC9cL3d3dy53ZWhsaGVpZGVyLWhvZnRoZWF0ZXIuZGVcL2luZGV4XC93cC1jb250ZW50XC91cGxvYWRzXC8yMDIyXC8xMFwvRFNDXzAwNzQtMi1zY2FsZWQuanBnIiwic2xpZGVzaG93IjoiMWExNWY5MGIifQ%3D%3D\" href=\"https:\/\/www.wehlheider-hoftheater.de\/index\/wp-content\/uploads\/2022\/10\/DSC_0074-2-scaled.jpg\"><figure class=\"swiper-slide-inner\"><img decoding=\"async\" class=\"swiper-slide-image\" src=\"https:\/\/www.wehlheider-hoftheater.de\/index\/wp-content\/uploads\/2022\/10\/DSC_0074-2-300x200.jpg\" alt=\"DSC_0074 (2)\" \/><\/figure><\/a><\/div><div class=\"swiper-slide\" role=\"group\" aria-roledescription=\"slide\" aria-label=\"2 von 5\"><a data-elementor-open-lightbox=\"yes\" data-elementor-lightbox-slideshow=\"1a15f90b\" data-elementor-lightbox-title=\"DSC_0086 (2)\" data-e-action-hash=\"#elementor-action%3Aaction%3Dlightbox%26settings%3DeyJpZCI6Njg2OCwidXJsIjoiaHR0cHM6XC9cL3d3dy53ZWhsaGVpZGVyLWhvZnRoZWF0ZXIuZGVcL2luZGV4XC93cC1jb250ZW50XC91cGxvYWRzXC8yMDIyXC8xMFwvRFNDXzAwODYtMi1zY2FsZWQuanBnIiwic2xpZGVzaG93IjoiMWExNWY5MGIifQ%3D%3D\" href=\"https:\/\/www.wehlheider-hoftheater.de\/index\/wp-content\/uploads\/2022\/10\/DSC_0086-2-scaled.jpg\"><figure class=\"swiper-slide-inner\"><img decoding=\"async\" class=\"swiper-slide-image\" src=\"https:\/\/www.wehlheider-hoftheater.de\/index\/wp-content\/uploads\/2022\/10\/DSC_0086-2-300x200.jpg\" alt=\"DSC_0086 (2)\" \/><\/figure><\/a><\/div><div class=\"swiper-slide\" role=\"group\" aria-roledescription=\"slide\" aria-label=\"3 von 5\"><a data-elementor-open-lightbox=\"yes\" data-elementor-lightbox-slideshow=\"1a15f90b\" data-elementor-lightbox-title=\"DSC_0091 (2)\" data-e-action-hash=\"#elementor-action%3Aaction%3Dlightbox%26settings%3DeyJpZCI6Njg2OSwidXJsIjoiaHR0cHM6XC9cL3d3dy53ZWhsaGVpZGVyLWhvZnRoZWF0ZXIuZGVcL2luZGV4XC93cC1jb250ZW50XC91cGxvYWRzXC8yMDIyXC8xMFwvRFNDXzAwOTEtMi1zY2FsZWQuanBnIiwic2xpZGVzaG93IjoiMWExNWY5MGIifQ%3D%3D\" href=\"https:\/\/www.wehlheider-hoftheater.de\/index\/wp-content\/uploads\/2022\/10\/DSC_0091-2-scaled.jpg\"><figure class=\"swiper-slide-inner\"><img decoding=\"async\" class=\"swiper-slide-image\" src=\"https:\/\/www.wehlheider-hoftheater.de\/index\/wp-content\/uploads\/2022\/10\/DSC_0091-2-300x200.jpg\" alt=\"DSC_0091 (2)\" \/><\/figure><\/a><\/div><div class=\"swiper-slide\" role=\"group\" aria-roledescription=\"slide\" aria-label=\"4 von 5\"><a data-elementor-open-lightbox=\"yes\" data-elementor-lightbox-slideshow=\"1a15f90b\" data-elementor-lightbox-title=\"DSC_0149\" data-e-action-hash=\"#elementor-action%3Aaction%3Dlightbox%26settings%3DeyJpZCI6Njg3MywidXJsIjoiaHR0cHM6XC9cL3d3dy53ZWhsaGVpZGVyLWhvZnRoZWF0ZXIuZGVcL2luZGV4XC93cC1jb250ZW50XC91cGxvYWRzXC8yMDIyXC8xMFwvRFNDXzAxNDktc2NhbGVkLmpwZyIsInNsaWRlc2hvdyI6IjFhMTVmOTBiIn0%3D\" href=\"https:\/\/www.wehlheider-hoftheater.de\/index\/wp-content\/uploads\/2022\/10\/DSC_0149-scaled.jpg\"><figure class=\"swiper-slide-inner\"><img decoding=\"async\" class=\"swiper-slide-image\" src=\"https:\/\/www.wehlheider-hoftheater.de\/index\/wp-content\/uploads\/2022\/10\/DSC_0149-300x200.jpg\" alt=\"DSC_0149\" \/><\/figure><\/a><\/div><div class=\"swiper-slide\" role=\"group\" aria-roledescription=\"slide\" aria-label=\"5 von 5\"><a data-elementor-open-lightbox=\"yes\" data-elementor-lightbox-slideshow=\"1a15f90b\" data-elementor-lightbox-title=\"DSC_0160\" data-e-action-hash=\"#elementor-action%3Aaction%3Dlightbox%26settings%3DeyJpZCI6Njg3NCwidXJsIjoiaHR0cHM6XC9cL3d3dy53ZWhsaGVpZGVyLWhvZnRoZWF0ZXIuZGVcL2luZGV4XC93cC1jb250ZW50XC91cGxvYWRzXC8yMDIyXC8xMFwvRFNDXzAxNjAtc2NhbGVkLmpwZyIsInNsaWRlc2hvdyI6IjFhMTVmOTBiIn0%3D\" href=\"https:\/\/www.wehlheider-hoftheater.de\/index\/wp-content\/uploads\/2022\/10\/DSC_0160-scaled.jpg\"><figure class=\"swiper-slide-inner\"><img decoding=\"async\" class=\"swiper-slide-image\" src=\"https:\/\/www.wehlheider-hoftheater.de\/index\/wp-content\/uploads\/2022\/10\/DSC_0160-300x200.jpg\" alt=\"DSC_0160\" \/><\/figure><\/a><\/div>\t\t\t<\/div>\n\t\t\t\t\t\t\t\t\t\t\t\t<div class=\"elementor-swiper-button elementor-swiper-button-prev\" role=\"button\" tabindex=\"0\">\n\t\t\t\t\t\t<i aria-hidden=\"true\" class=\"eicon-chevron-left\"><\/i>\t\t\t\t\t<\/div>\n\t\t\t\t\t<div class=\"elementor-swiper-button elementor-swiper-button-next\" role=\"button\" tabindex=\"0\">\n\t\t\t\t\t\t<i aria-hidden=\"true\" class=\"eicon-chevron-right\"><\/i>\t\t\t\t\t<\/div>\n\t\t\t\t\n\t\t\t\t\t\t\t\t\t<div class=\"swiper-pagination\"><\/div>\n\t\t\t\t\t\t\t\t\t<\/div>\n\t\t\t\t\t\t<\/div>\n\t\t\t\t<\/div>\n\t\t\t\t\t<\/div>\n\t\t<\/div>\n\t\t\t\t\t<\/div>\n\t\t<\/section>\n\t\t\t\t<section class=\"elementor-section elementor-top-section elementor-element elementor-element-26ab4957 elementor-section-boxed elementor-section-height-default elementor-section-height-default\" data-id=\"26ab4957\" data-element_type=\"section\" data-e-type=\"section\">\n\t\t\t\t\t\t<div class=\"elementor-container elementor-column-gap-default\">\n\t\t\t\t\t<div class=\"elementor-column elementor-col-100 elementor-top-column elementor-element elementor-element-4fe5f624\" data-id=\"4fe5f624\" data-element_type=\"column\" data-e-type=\"column\">\n\t\t\t<div class=\"elementor-widget-wrap elementor-element-populated\">\n\t\t\t\t\t\t<div class=\"elementor-element elementor-element-2e5c4824 elementor-widget elementor-widget-image\" data-id=\"2e5c4824\" data-element_type=\"widget\" data-e-type=\"widget\" data-widget_type=\"image.default\">\n\t\t\t\t<div class=\"elementor-widget-container\">\n\t\t\t\t\t\t\t\t\t\t\t\t<figure class=\"wp-caption\">\n\t\t\t\t\t\t\t\t\t\t\t<a href=\"https:\/\/www.wehlheider-hoftheater.de\/index\/wp-content\/uploads\/2022\/10\/DSC_0219-2-scaled.jpg\" data-elementor-open-lightbox=\"yes\" data-elementor-lightbox-title=\"DSC_0219 (2)\" data-e-action-hash=\"#elementor-action%3Aaction%3Dlightbox%26settings%3DeyJpZCI6Njg3NywidXJsIjoiaHR0cHM6XC9cL3d3dy53ZWhsaGVpZGVyLWhvZnRoZWF0ZXIuZGVcL2luZGV4XC93cC1jb250ZW50XC91cGxvYWRzXC8yMDIyXC8xMFwvRFNDXzAyMTktMi1zY2FsZWQuanBnIn0%3D\">\n\t\t\t\t\t\t\t<img fetchpriority=\"high\" decoding=\"async\" width=\"525\" height=\"350\" src=\"https:\/\/www.wehlheider-hoftheater.de\/index\/wp-content\/uploads\/2022\/10\/DSC_0219-2-1024x683.jpg\" class=\"attachment-large size-large wp-image-6877\" alt=\"\" srcset=\"https:\/\/www.wehlheider-hoftheater.de\/index\/wp-content\/uploads\/2022\/10\/DSC_0219-2-1024x683.jpg 1024w, https:\/\/www.wehlheider-hoftheater.de\/index\/wp-content\/uploads\/2022\/10\/DSC_0219-2-300x200.jpg 300w, https:\/\/www.wehlheider-hoftheater.de\/index\/wp-content\/uploads\/2022\/10\/DSC_0219-2-768x512.jpg 768w, https:\/\/www.wehlheider-hoftheater.de\/index\/wp-content\/uploads\/2022\/10\/DSC_0219-2-1536x1024.jpg 1536w, https:\/\/www.wehlheider-hoftheater.de\/index\/wp-content\/uploads\/2022\/10\/DSC_0219-2-2048x1365.jpg 2048w, https:\/\/www.wehlheider-hoftheater.de\/index\/wp-content\/uploads\/2022\/10\/DSC_0219-2-1320x880.jpg 1320w, https:\/\/www.wehlheider-hoftheater.de\/index\/wp-content\/uploads\/2022\/10\/DSC_0219-2-350x233.jpg 350w\" sizes=\"100vw\" \/>\t\t\t\t\t\t\t\t<\/a>\n\t\t\t\t\t\t\t\t\t\t\t<figcaption class=\"widget-image-caption wp-caption-text\">Unsere Ehreng\u00e4ste: Marcel K\u00f6nig (Sparkasse Kassel), Dr. Ines Blumenstein (Schulleiterin HSS Kassel), J\u00f6rg Dreismann (Pr\u00e4sident Verband Hessischer Amateurtheater), Simon Isser (Pr\u00e4sident Bund Deutscher Amateurtheater), Birgit Horn-Gerhold (2. Vorsitzende Wehlheider Hoftheater), Dr. Susanne V\u00f6lker (Kasseler Kulturdezernentin), Bertram Hilgen (Schirmherr) [von links nach rechts]<\/figcaption>\n\t\t\t\t\t\t\t\t\t\t<\/figure>\n\t\t\t\t\t\t\t\t\t<\/div>\n\t\t\t\t<\/div>\n\t\t\t\t\t<\/div>\n\t\t<\/div>\n\t\t\t\t\t<\/div>\n\t\t<\/section>\n\t\t\t\t<section class=\"elementor-section elementor-top-section elementor-element elementor-element-738abfb1 elementor-section-boxed elementor-section-height-default elementor-section-height-default\" data-id=\"738abfb1\" data-element_type=\"section\" data-e-type=\"section\">\n\t\t\t\t\t\t<div class=\"elementor-container elementor-column-gap-default\">\n\t\t\t\t\t<div class=\"elementor-column elementor-col-100 elementor-top-column elementor-element elementor-element-60d5a80c\" data-id=\"60d5a80c\" data-element_type=\"column\" data-e-type=\"column\">\n\t\t\t<div class=\"elementor-widget-wrap elementor-element-populated\">\n\t\t\t\t\t\t<div class=\"elementor-element elementor-element-147ae84 elementor-widget elementor-widget-text-editor\" data-id=\"147ae84\" data-element_type=\"widget\" data-e-type=\"widget\" data-widget_type=\"text-editor.default\">\n\t\t\t\t<div class=\"elementor-widget-container\">\n\t\t\t\t\t\t\t\t\t<p><strong>Ehrungen<\/strong><\/p>\t\t\t\t\t\t\t\t<\/div>\n\t\t\t\t<\/div>\n\t\t\t\t\t<\/div>\n\t\t<\/div>\n\t\t\t\t\t<\/div>\n\t\t<\/section>\n\t\t\t\t<section class=\"elementor-section elementor-top-section elementor-element elementor-element-559a61e6 elementor-section-boxed elementor-section-height-default elementor-section-height-default\" data-id=\"559a61e6\" data-element_type=\"section\" data-e-type=\"section\">\n\t\t\t\t\t\t<div class=\"elementor-container elementor-column-gap-default\">\n\t\t\t\t\t<div class=\"elementor-column elementor-col-50 elementor-top-column elementor-element elementor-element-21575990\" data-id=\"21575990\" data-element_type=\"column\" data-e-type=\"column\">\n\t\t\t<div class=\"elementor-widget-wrap elementor-element-populated\">\n\t\t\t\t\t\t<div class=\"elementor-element elementor-element-23d25c1e elementor-widget elementor-widget-image\" data-id=\"23d25c1e\" data-element_type=\"widget\" data-e-type=\"widget\" data-widget_type=\"image.default\">\n\t\t\t\t<div class=\"elementor-widget-container\">\n\t\t\t\t\t\t\t\t\t\t\t\t\t\t\t\t<a href=\"https:\/\/www.wehlheider-hoftheater.de\/index\/wp-content\/uploads\/2022\/10\/DSC_0133-2-scaled.jpg\" data-elementor-open-lightbox=\"yes\" data-elementor-lightbox-title=\"DSC_0133 (2)\" data-e-action-hash=\"#elementor-action%3Aaction%3Dlightbox%26settings%3DeyJpZCI6Njg3MSwidXJsIjoiaHR0cHM6XC9cL3d3dy53ZWhsaGVpZGVyLWhvZnRoZWF0ZXIuZGVcL2luZGV4XC93cC1jb250ZW50XC91cGxvYWRzXC8yMDIyXC8xMFwvRFNDXzAxMzMtMi1zY2FsZWQuanBnIn0%3D\">\n\t\t\t\t\t\t\t<img decoding=\"async\" width=\"525\" height=\"350\" src=\"https:\/\/www.wehlheider-hoftheater.de\/index\/wp-content\/uploads\/2022\/10\/DSC_0133-2-1024x683.jpg\" class=\"attachment-large size-large wp-image-6871\" alt=\"\" srcset=\"https:\/\/www.wehlheider-hoftheater.de\/index\/wp-content\/uploads\/2022\/10\/DSC_0133-2-1024x683.jpg 1024w, https:\/\/www.wehlheider-hoftheater.de\/index\/wp-content\/uploads\/2022\/10\/DSC_0133-2-300x200.jpg 300w, https:\/\/www.wehlheider-hoftheater.de\/index\/wp-content\/uploads\/2022\/10\/DSC_0133-2-768x512.jpg 768w, https:\/\/www.wehlheider-hoftheater.de\/index\/wp-content\/uploads\/2022\/10\/DSC_0133-2-1536x1024.jpg 1536w, https:\/\/www.wehlheider-hoftheater.de\/index\/wp-content\/uploads\/2022\/10\/DSC_0133-2-2048x1365.jpg 2048w, https:\/\/www.wehlheider-hoftheater.de\/index\/wp-content\/uploads\/2022\/10\/DSC_0133-2-1320x880.jpg 1320w, https:\/\/www.wehlheider-hoftheater.de\/index\/wp-content\/uploads\/2022\/10\/DSC_0133-2-350x233.jpg 350w\" sizes=\"100vw\" \/>\t\t\t\t\t\t\t\t<\/a>\n\t\t\t\t\t\t\t\t\t\t\t\t\t\t\t<\/div>\n\t\t\t\t<\/div>\n\t\t\t\t<div class=\"elementor-element elementor-element-3f41d65b elementor-widget elementor-widget-text-editor\" data-id=\"3f41d65b\" data-element_type=\"widget\" data-e-type=\"widget\" data-widget_type=\"text-editor.default\">\n\t\t\t\t<div class=\"elementor-widget-container\">\n\t\t\t\t\t\t\t\t\t<p>Wir ehren Horst und Rosemarie Jazdzejewski (links) f\u00fcr ihre 50-j\u00e4hrige Mitgliedschaft im WHT.<\/p><p>Danke f\u00fcr eure jahrelange und zuverl\u00e4ssige Unterst\u00fctzung!<\/p>\t\t\t\t\t\t\t\t<\/div>\n\t\t\t\t<\/div>\n\t\t\t\t\t<\/div>\n\t\t<\/div>\n\t\t\t\t<div class=\"elementor-column elementor-col-50 elementor-top-column elementor-element elementor-element-42a90c79\" data-id=\"42a90c79\" data-element_type=\"column\" data-e-type=\"column\">\n\t\t\t<div class=\"elementor-widget-wrap elementor-element-populated\">\n\t\t\t\t\t\t<div class=\"elementor-element elementor-element-2e2f6629 elementor-widget elementor-widget-image\" data-id=\"2e2f6629\" data-element_type=\"widget\" data-e-type=\"widget\" data-widget_type=\"image.default\">\n\t\t\t\t<div class=\"elementor-widget-container\">\n\t\t\t\t\t\t\t\t\t\t\t\t\t\t\t\t<a href=\"https:\/\/www.wehlheider-hoftheater.de\/index\/wp-content\/uploads\/2022\/10\/DSC_0191-2-scaled.jpg\" data-elementor-open-lightbox=\"yes\" data-elementor-lightbox-title=\"DSC_0191 (2)\" data-e-action-hash=\"#elementor-action%3Aaction%3Dlightbox%26settings%3DeyJpZCI6Njg3NiwidXJsIjoiaHR0cHM6XC9cL3d3dy53ZWhsaGVpZGVyLWhvZnRoZWF0ZXIuZGVcL2luZGV4XC93cC1jb250ZW50XC91cGxvYWRzXC8yMDIyXC8xMFwvRFNDXzAxOTEtMi1zY2FsZWQuanBnIn0%3D\">\n\t\t\t\t\t\t\t<img decoding=\"async\" width=\"525\" height=\"350\" src=\"https:\/\/www.wehlheider-hoftheater.de\/index\/wp-content\/uploads\/2022\/10\/DSC_0191-2-1024x683.jpg\" class=\"attachment-large size-large wp-image-6876\" alt=\"\" srcset=\"https:\/\/www.wehlheider-hoftheater.de\/index\/wp-content\/uploads\/2022\/10\/DSC_0191-2-1024x683.jpg 1024w, https:\/\/www.wehlheider-hoftheater.de\/index\/wp-content\/uploads\/2022\/10\/DSC_0191-2-300x200.jpg 300w, https:\/\/www.wehlheider-hoftheater.de\/index\/wp-content\/uploads\/2022\/10\/DSC_0191-2-768x512.jpg 768w, https:\/\/www.wehlheider-hoftheater.de\/index\/wp-content\/uploads\/2022\/10\/DSC_0191-2-1536x1024.jpg 1536w, https:\/\/www.wehlheider-hoftheater.de\/index\/wp-content\/uploads\/2022\/10\/DSC_0191-2-2048x1365.jpg 2048w, https:\/\/www.wehlheider-hoftheater.de\/index\/wp-content\/uploads\/2022\/10\/DSC_0191-2-1320x880.jpg 1320w, https:\/\/www.wehlheider-hoftheater.de\/index\/wp-content\/uploads\/2022\/10\/DSC_0191-2-350x233.jpg 350w\" sizes=\"100vw\" \/>\t\t\t\t\t\t\t\t<\/a>\n\t\t\t\t\t\t\t\t\t\t\t\t\t\t\t<\/div>\n\t\t\t\t<\/div>\n\t\t\t\t<div class=\"elementor-element elementor-element-31002cb5 elementor-widget elementor-widget-text-editor\" data-id=\"31002cb5\" data-element_type=\"widget\" data-e-type=\"widget\" data-widget_type=\"text-editor.default\">\n\t\t\t\t<div class=\"elementor-widget-container\">\n\t\t\t\t\t\t\t\t\t<p>Marlena Jungermann, Isabell Erfort, Kevin Czaja und Vanessa Kretschmer (von links) erhalten den Kompetenznachweis Kultur des Verbandes Kulturelle Kinder- und Jugendbildung. Dies ist eine Nachweis \u00fcber erworbene Kompetenzen w\u00e4hrend einer St\u00fcckproduktion. (weitere Infos: <em><span style=\"text-decoration: underline;\"><strong><a href=\"https:\/\/www.wehlheider-hoftheater.de\/index\/kompetenznachweis-kultur\">https:\/\/www.wehlheider-hoftheater.de\/index\/kompetenznachweis-kultur<\/a><\/strong><\/span><\/em>\/ oder <span style=\"text-decoration: underline;\"><em><strong><a href=\"https:\/\/kompetenznachweiskultur.de\/ueber-den-knk\/\">https:\/\/kompetenznachweiskultur.de\/ueber-den-knk\/<\/a><\/strong><\/em><\/span> )<\/p><p>Herzlichen Gl\u00fcckwunsch!<\/p>\t\t\t\t\t\t\t\t<\/div>\n\t\t\t\t<\/div>\n\t\t\t\t\t<\/div>\n\t\t<\/div>\n\t\t\t\t\t<\/div>\n\t\t<\/section>\n\t\t\t\t<\/div>\n\t\t","protected":false},"excerpt":{"rendered":"<p>111 j\u00e4hriges Jubil\u00e4um Vom 30.09. bis zum 3.10.2022 feierten wir unser 111 j\u00e4hriges Jubil\u00e4um mit 5 verschiedenen St\u00fccken aus unterschiedlichen Genres und einer gro\u00dfen Martinee. Eindr\u00fccke zu dieser Martinee m\u00f6chten wir euch hier gerne zeigen: Jubil\u00e4umsbilder Zur\u00fcck Weiter Unsere Ehreng\u00e4ste: Marcel K\u00f6nig (Sparkasse Kassel), Dr. Ines Blumenstein (Schulleiterin HSS Kassel), J\u00f6rg Dreismann (Pr\u00e4sident Verband Hessischer &hellip; <\/p>\n<p class=\"link-more\"><a href=\"https:\/\/www.wehlheider-hoftheater.de\/index\/111-jaehriges-jubilaeum-in-2022\/\" class=\"more-link\"><span class=\"screen-reader-text\">\u201e111 J\u00e4hriges jubil\u00e4um in 2022\u201c <\/span>weiterlesen<\/a><\/p>\n","protected":false},"author":5,"featured_media":0,"parent":0,"menu_order":0,"comment_status":"closed","ping_status":"closed","template":"","meta":{"footnotes":""},"class_list":["post-7691","page","type-page","status-publish","hentry"],"publishpress_future_action":{"enabled":false,"date":"2026-04-21 08:32:31","action":"change-status","newStatus":"draft","terms":[],"taxonomy":"","extraData":[]},"publishpress_future_workflow_manual_trigger":{"enabledWorkflows":[]},"_links":{"self":[{"href":"https:\/\/www.wehlheider-hoftheater.de\/index\/wp-json\/wp\/v2\/pages\/7691","targetHints":{"allow":["GET"]}}],"collection":[{"href":"https:\/\/www.wehlheider-hoftheater.de\/index\/wp-json\/wp\/v2\/pages"}],"about":[{"href":"https:\/\/www.wehlheider-hoftheater.de\/index\/wp-json\/wp\/v2\/types\/page"}],"author":[{"embeddable":true,"href":"https:\/\/www.wehlheider-hoftheater.de\/index\/wp-json\/wp\/v2\/users\/5"}],"replies":[{"embeddable":true,"href":"https:\/\/www.wehlheider-hoftheater.de\/index\/wp-json\/wp\/v2\/comments?post=7691"}],"version-history":[{"count":4,"href":"https:\/\/www.wehlheider-hoftheater.de\/index\/wp-json\/wp\/v2\/pages\/7691\/revisions"}],"predecessor-version":[{"id":7695,"href":"https:\/\/www.wehlheider-hoftheater.de\/index\/wp-json\/wp\/v2\/pages\/7691\/revisions\/7695"}],"wp:attachment":[{"href":"https:\/\/www.wehlheider-hoftheater.de\/index\/wp-json\/wp\/v2\/media?parent=7691"}],"curies":[{"name":"wp","href":"https:\/\/api.w.org\/{rel}","templated":true}]}}