{"id":2867,"date":"2018-07-30T18:07:44","date_gmt":"2018-07-30T16:07:44","guid":{"rendered":"http:\/\/www.wehlheider-hoftheater.de\/index\/?page_id=2867"},"modified":"2024-04-11T14:25:34","modified_gmt":"2024-04-11T13:25:34","slug":"newsletter","status":"publish","type":"page","link":"https:\/\/www.wehlheider-hoftheater.de\/index\/newsletter\/","title":{"rendered":"Gerne informieren wir Sie mit unserem Newsletter \u00fcber anstehende Premieren und unsere neuen Theaterst\u00fccke. Hier k\u00f6nnen Sie sich zum Newsletter anmelden und brauchen dazu nur ihre Emailadresse einzutragen. Mit der Abonnierung erkl\u00e4ren Sie gleichzeitig Ihr Einverst\u00e4ndnis mit der Datenschutzerkl\u00e4rung zum Newsletterabonnement."},"content":{"rendered":"\t\t<div data-elementor-type=\"wp-post\" data-elementor-id=\"2867\" class=\"elementor elementor-2867\">\n\t\t\t\t\t\t<section class=\"elementor-section elementor-top-section elementor-element elementor-element-d1853bf elementor-section-boxed elementor-section-height-default elementor-section-height-default\" data-id=\"d1853bf\" data-element_type=\"section\" data-e-type=\"section\">\n\t\t\t\t\t\t<div class=\"elementor-container elementor-column-gap-default\">\n\t\t\t\t\t<div class=\"elementor-column elementor-col-100 elementor-top-column elementor-element elementor-element-55cb22a\" data-id=\"55cb22a\" data-element_type=\"column\" data-e-type=\"column\">\n\t\t\t<div class=\"elementor-widget-wrap elementor-element-populated\">\n\t\t\t\t\t\t<div class=\"elementor-element elementor-element-e20f3b9 elementor-widget elementor-widget-text-editor\" data-id=\"e20f3b9\" data-element_type=\"widget\" data-e-type=\"widget\" data-widget_type=\"text-editor.default\">\n\t\t\t\t<div class=\"elementor-widget-container\">\n\t\t\t\t\t\t\t\t\t<p>Gerne informieren wir Sie mit unserem Newsletter \u00fcber anstehende Premieren und unsere neuen Theaterst\u00fccke. Hier k\u00f6nnen Sie sich zum Newsletter anmelden und brauchen dazu nur Ihre Emailadresse einzutragen und abzusenden.\u00a0Zur Verifizierung Ihrer Email-Adresse erhalten Sie eine Mail, um die Richtigkeit Ihrer Anmeldung zu best\u00e4tigen.\u00a0<span style=\"font-size: 1rem;\">Mit der Abonnierung erkl\u00e4ren Sie gleichzeitig Ihr Einverst\u00e4ndnis mit der Datenschutzerkl\u00e4rung zum Newsletterabonnement.<\/span><\/p>\t\t\t\t\t\t\t\t<\/div>\n\t\t\t\t<\/div>\n\t\t\t\t\t<\/div>\n\t\t<\/div>\n\t\t\t\t\t<\/div>\n\t\t<\/section>\n\t\t\t\t<section class=\"elementor-section elementor-top-section elementor-element elementor-element-b794dd4 elementor-section-boxed elementor-section-height-default elementor-section-height-default\" data-id=\"b794dd4\" data-element_type=\"section\" data-e-type=\"section\">\n\t\t\t\t\t\t<div class=\"elementor-container elementor-column-gap-default\">\n\t\t\t\t\t<div class=\"elementor-column elementor-col-100 elementor-top-column elementor-element elementor-element-a3f68c6\" data-id=\"a3f68c6\" data-element_type=\"column\" data-e-type=\"column\">\n\t\t\t<div class=\"elementor-widget-wrap elementor-element-populated\">\n\t\t\t\t\t\t<div class=\"elementor-element elementor-element-0ef58af elementor-widget elementor-widget-text-editor\" data-id=\"0ef58af\" data-element_type=\"widget\" data-e-type=\"widget\" data-widget_type=\"text-editor.default\">\n\t\t\t\t<div class=\"elementor-widget-container\">\n\t\t\t\t\t\t\t\t\t<p><strong>Datenschutzerkl\u00e4rung zum Newsletterabonnement<\/strong><\/p><p>Das Wehlheider Hoftheater informiert die Nutzer\/Nutzerinnen des Newsletters \u00fcber die Art, den Umfang und den Zweck der Erhebung und Verwendung personenbezogener Daten. Rechtsgrundlage f\u00fcr die Verarbeitung der Daten nach Anmeldung zum Newsletters durch den Nutzer ist bei Vorliegen einer Einwilligung des Nutzers Art. 6 Abs. 1 lit. a DSGVO. Wir nehmen Ihren Datenschutz sehr ernst und behandeln Ihre personenbezogenen Daten vertraulich und entsprechend der gesetzlichen Vorschriften.<\/p><p>Mit der Abonnierung des Newsletter auf der Website des Wehlheider Hoftheater Newsletter werden nur folgende Daten erhoben: Emailadresse des Abonnenten\/der Abonnentin und Einverst\u00e4ndniserkl\u00e4rung des Abonnenten\/der Abonnentin zur Datenschutzerkl\u00e4rung.<\/p><p>Diese Daten werden ausschlie\u00dflich zur Versendung des Newsletter und der Dokumentation der Zustimmung oder eines Widerrufes verwendet. Eine andere Verarbeitung oder Weitergabe an Dritte erfolgt nicht. Die Daten werden digital auf dem Online-Server des Wehlheider Hoftheater gespeichert und werden durch den 2.Vorsitzenden und den Schriftf\u00fchrer des Vereins verwaltet. Zugriff auf diese Daten haben die Vorstandsmitglieder des Wehlheider Hoftheater. Eine Speicherung der Daten auf unserer Website findet nicht statt.<\/p><p>Der Newsletterempfang und die Einwilligung zur Speicherung der Daten k\u00f6nnen jederzeit widerrufen werden. Der Newsletter enth\u00e4lt einen entsprechenden Link zur Abmeldung.<\/p><p>Mit dem Abonnement erkl\u00e4rt der Abonnent\/die Abonnentin das Einverst\u00e4ndnis mit dieser Datenschutzerkl\u00e4rung.<\/p><div>\u00a0<\/div><div>Mehr zum Datenschutzerkl\u00e4rung zur Website nach der DSGVO finden Sie im <a href=\"https:\/\/www.wehlheider-hoftheater.de\/index\/impressum\/\">Impressum.<\/a><\/div>\t\t\t\t\t\t\t\t<\/div>\n\t\t\t\t<\/div>\n\t\t\t\t\t<\/div>\n\t\t<\/div>\n\t\t\t\t\t<\/div>\n\t\t<\/section>\n\t\t\t\t<section class=\"elementor-section elementor-top-section elementor-element elementor-element-736cce1 elementor-section-boxed elementor-section-height-default elementor-section-height-default\" data-id=\"736cce1\" data-element_type=\"section\" data-e-type=\"section\">\n\t\t\t\t\t\t<div class=\"elementor-container elementor-column-gap-default\">\n\t\t\t\t\t<div class=\"elementor-column elementor-col-100 elementor-top-column elementor-element elementor-element-e4343b1\" data-id=\"e4343b1\" data-element_type=\"column\" data-e-type=\"column\">\n\t\t\t<div class=\"elementor-widget-wrap elementor-element-populated\">\n\t\t\t\t\t\t<div class=\"elementor-element elementor-element-97a45bb elementor-widget elementor-widget-text-editor\" data-id=\"97a45bb\" data-element_type=\"widget\" data-e-type=\"widget\" data-widget_type=\"text-editor.default\">\n\t\t\t\t<div class=\"elementor-widget-container\">\n\t\t\t\t\t\t\t\t\t<p><div class=\"tnp tnp-subscription \">\n<form method=\"post\" action=\"https:\/\/www.wehlheider-hoftheater.de\/index\/wp-admin\/admin-ajax.php?action=tnp&amp;na=s\">\n<input type=\"hidden\" name=\"nlang\" value=\"\">\n<div class=\"tnp-field tnp-field-firstname\"><label for=\"tnp-1\">Vorname<\/label>\n<input class=\"tnp-name\" type=\"text\" name=\"nn\" id=\"tnp-1\" value=\"\" placeholder=\"\"><\/div>\n<div class=\"tnp-field tnp-field-email\"><label for=\"tnp-2\">E-Mail-Adresse<\/label>\n<input class=\"tnp-email\" type=\"email\" name=\"ne\" id=\"tnp-2\" value=\"\" placeholder=\"\" required><\/div>\n<div class=\"tnp-field tnp-privacy-field\"><label><input type=\"checkbox\" name=\"ny\" required class=\"tnp-privacy\"> Hiermit akzeptiere ich die Datenschutzbestimmungen<\/label><\/div><div class=\"tnp-field tnp-field-button\" style=\"text-align: left\"><input class=\"tnp-submit\" type=\"submit\" value=\"Abonnieren\" style=\"\">\n<\/div>\n<\/form>\n<\/div>\n<\/p>\t\t\t\t\t\t\t\t<\/div>\n\t\t\t\t<\/div>\n\t\t\t\t\t<\/div>\n\t\t<\/div>\n\t\t\t\t\t<\/div>\n\t\t<\/section>\n\t\t\t\t<\/div>\n\t\t","protected":false},"excerpt":{"rendered":"<p>Gerne informieren wir Sie mit unserem Newsletter \u00fcber anstehende Premieren und unsere neuen Theaterst\u00fccke. Hier k\u00f6nnen Sie sich zum Newsletter anmelden und brauchen dazu nur Ihre Emailadresse einzutragen und abzusenden.\u00a0Zur Verifizierung Ihrer Email-Adresse erhalten Sie eine Mail, um die Richtigkeit Ihrer Anmeldung zu best\u00e4tigen.\u00a0Mit der Abonnierung erkl\u00e4ren Sie gleichzeitig Ihr Einverst\u00e4ndnis mit der Datenschutzerkl\u00e4rung zum &hellip; <\/p>\n<p class=\"link-more\"><a href=\"https:\/\/www.wehlheider-hoftheater.de\/index\/newsletter\/\" class=\"more-link\"><span class=\"screen-reader-text\">\u201eGerne informieren wir Sie mit unserem Newsletter \u00fcber anstehende Premieren und unsere neuen Theaterst\u00fccke. Hier k\u00f6nnen Sie sich zum Newsletter anmelden und brauchen dazu nur ihre Emailadresse einzutragen. Mit der Abonnierung erkl\u00e4ren Sie gleichzeitig Ihr Einverst\u00e4ndnis mit der Datenschutzerkl\u00e4rung zum Newsletterabonnement.\u201c <\/span>weiterlesen<\/a><\/p>\n","protected":false},"author":4,"featured_media":0,"parent":0,"menu_order":0,"comment_status":"closed","ping_status":"closed","template":"elementor_header_footer","meta":{"footnotes":""},"class_list":["post-2867","page","type-page","status-publish","hentry"],"publishpress_future_action":{"enabled":false,"date":"2026-05-24 06:48:36","action":"change-status","newStatus":"draft","terms":[],"taxonomy":"","extraData":[]},"publishpress_future_workflow_manual_trigger":{"enabledWorkflows":[]},"_links":{"self":[{"href":"https:\/\/www.wehlheider-hoftheater.de\/index\/wp-json\/wp\/v2\/pages\/2867","targetHints":{"allow":["GET"]}}],"collection":[{"href":"https:\/\/www.wehlheider-hoftheater.de\/index\/wp-json\/wp\/v2\/pages"}],"about":[{"href":"https:\/\/www.wehlheider-hoftheater.de\/index\/wp-json\/wp\/v2\/types\/page"}],"author":[{"embeddable":true,"href":"https:\/\/www.wehlheider-hoftheater.de\/index\/wp-json\/wp\/v2\/users\/4"}],"replies":[{"embeddable":true,"href":"https:\/\/www.wehlheider-hoftheater.de\/index\/wp-json\/wp\/v2\/comments?post=2867"}],"version-history":[{"count":17,"href":"https:\/\/www.wehlheider-hoftheater.de\/index\/wp-json\/wp\/v2\/pages\/2867\/revisions"}],"predecessor-version":[{"id":13669,"href":"https:\/\/www.wehlheider-hoftheater.de\/index\/wp-json\/wp\/v2\/pages\/2867\/revisions\/13669"}],"wp:attachment":[{"href":"https:\/\/www.wehlheider-hoftheater.de\/index\/wp-json\/wp\/v2\/media?parent=2867"}],"curies":[{"name":"wp","href":"https:\/\/api.w.org\/{rel}","templated":true}]}}