{"id":2722,"date":"2018-07-27T20:07:01","date_gmt":"2018-07-27T18:07:01","guid":{"rendered":"http:\/\/www.wehlheider-hoftheater.de\/index\/?page_id=2722"},"modified":"2024-08-11T11:30:17","modified_gmt":"2024-08-11T10:30:17","slug":"kontakt-anfahrt","status":"publish","type":"page","link":"https:\/\/www.wehlheider-hoftheater.de\/index\/kontakt-anfahrt\/","title":{"rendered":"Kontakt &#038; Anfahrt"},"content":{"rendered":"\t\t<div data-elementor-type=\"wp-post\" data-elementor-id=\"2722\" class=\"elementor elementor-2722\">\n\t\t\t\t\t\t<section class=\"elementor-section elementor-top-section elementor-element elementor-element-be02819 elementor-section-boxed elementor-section-height-default elementor-section-height-default\" data-id=\"be02819\" data-element_type=\"section\" data-e-type=\"section\">\n\t\t\t\t\t\t<div class=\"elementor-container elementor-column-gap-default\">\n\t\t\t\t\t<div class=\"elementor-column elementor-col-50 elementor-top-column elementor-element elementor-element-fd7a038\" data-id=\"fd7a038\" data-element_type=\"column\" data-e-type=\"column\">\n\t\t\t<div class=\"elementor-widget-wrap elementor-element-populated\">\n\t\t\t\t\t\t<div class=\"elementor-element elementor-element-496a98b elementor-widget elementor-widget-text-editor\" data-id=\"496a98b\" data-element_type=\"widget\" data-e-type=\"widget\" data-widget_type=\"text-editor.default\">\n\t\t\t\t<div class=\"elementor-widget-container\">\n\t\t\t\t\t\t\t\t\t<div data-elementor-setting-key=\"editor\" data-elementor-inline-editing-toolbar=\"advanced\"><p><strong>Wir spielen hier:<\/strong><\/p><div><div><p>CassallaTheater<br \/>Jordanstra\u00dfe 11<br \/>34117 Kassel<\/p><\/div><\/div><\/div>\t\t\t\t\t\t\t\t<\/div>\n\t\t\t\t<\/div>\n\t\t\t\t\t<\/div>\n\t\t<\/div>\n\t\t\t\t<div class=\"elementor-column elementor-col-50 elementor-top-column elementor-element elementor-element-7f3e3eb\" data-id=\"7f3e3eb\" data-element_type=\"column\" data-e-type=\"column\">\n\t\t\t<div class=\"elementor-widget-wrap elementor-element-populated\">\n\t\t\t\t\t\t<div class=\"elementor-element elementor-element-f5d89ca elementor-widget elementor-widget-google_maps\" data-id=\"f5d89ca\" data-element_type=\"widget\" data-e-type=\"widget\" data-widget_type=\"google_maps.default\">\n\t\t\t\t<div class=\"elementor-widget-container\">\n\t\t\t\t\t\t\t<div class=\"elementor-custom-embed\">\n\t\t\t<iframe loading=\"lazy\"\n\t\t\t\t\tsrc=\"https:\/\/maps.google.com\/maps?q=Jordanstra%C3%9Fe%2011%2C%2034117%20Kassel&#038;t=m&#038;z=15&#038;output=embed&#038;iwloc=near\"\n\t\t\t\t\ttitle=\"Jordanstra\u00dfe 11, 34117 Kassel\"\n\t\t\t\t\taria-label=\"Jordanstra\u00dfe 11, 34117 Kassel\"\n\t\t\t><\/iframe>\n\t\t<\/div>\n\t\t\t\t\t\t<\/div>\n\t\t\t\t<\/div>\n\t\t\t\t\t<\/div>\n\t\t<\/div>\n\t\t\t\t\t<\/div>\n\t\t<\/section>\n\t\t\t\t<section class=\"elementor-section elementor-top-section elementor-element elementor-element-4af2c40 elementor-section-boxed elementor-section-height-default elementor-section-height-default\" data-id=\"4af2c40\" data-element_type=\"section\" data-e-type=\"section\">\n\t\t\t\t\t\t<div class=\"elementor-container elementor-column-gap-default\">\n\t\t\t\t\t<div class=\"elementor-column elementor-col-50 elementor-top-column elementor-element elementor-element-5a3db20\" data-id=\"5a3db20\" data-element_type=\"column\" data-e-type=\"column\">\n\t\t\t<div class=\"elementor-widget-wrap elementor-element-populated\">\n\t\t\t\t\t\t<div class=\"elementor-element elementor-element-029e0d5 elementor-widget elementor-widget-text-editor\" data-id=\"029e0d5\" data-element_type=\"widget\" data-e-type=\"widget\" data-widget_type=\"text-editor.default\">\n\t\t\t\t<div class=\"elementor-widget-container\">\n\t\t\t\t\t\t\t\t\t<div data-elementor-setting-key=\"editor\" data-elementor-inline-editing-toolbar=\"advanced\">\n\nund das Weihnachtsst\u00fcck in der Heinrich-Sch\u00fctz-Schule\n<\/br>Freiherr-vom-Stein-Stra\u00dfe 11\n<div>\n<div>\n\n<span class=\"LrzXr\">34119 Kassel<\/span>\n\n<\/div>\n<\/div>\n<\/div>\t\t\t\t\t\t\t\t<\/div>\n\t\t\t\t<\/div>\n\t\t\t\t\t<\/div>\n\t\t<\/div>\n\t\t\t\t<div class=\"elementor-column elementor-col-50 elementor-top-column elementor-element elementor-element-a93b5fc\" data-id=\"a93b5fc\" data-element_type=\"column\" data-e-type=\"column\">\n\t\t\t<div class=\"elementor-widget-wrap elementor-element-populated\">\n\t\t\t\t\t\t<div class=\"elementor-element elementor-element-522cfd7 elementor-widget elementor-widget-google_maps\" data-id=\"522cfd7\" data-element_type=\"widget\" data-e-type=\"widget\" data-widget_type=\"google_maps.default\">\n\t\t\t\t<div class=\"elementor-widget-container\">\n\t\t\t\t\t\t\t<div class=\"elementor-custom-embed\">\n\t\t\t<iframe loading=\"lazy\"\n\t\t\t\t\tsrc=\"https:\/\/maps.google.com\/maps?q=Freiherr-vom-Stein-Stra%C3%9Fe%2011%20%2034119%20Kassel&#038;t=m&#038;z=15&#038;output=embed&#038;iwloc=near\"\n\t\t\t\t\ttitle=\"Freiherr-vom-Stein-Stra\u00dfe 11  34119 Kassel\"\n\t\t\t\t\taria-label=\"Freiherr-vom-Stein-Stra\u00dfe 11  34119 Kassel\"\n\t\t\t><\/iframe>\n\t\t<\/div>\n\t\t\t\t\t\t<\/div>\n\t\t\t\t<\/div>\n\t\t\t\t\t<\/div>\n\t\t<\/div>\n\t\t\t\t\t<\/div>\n\t\t<\/section>\n\t\t\t\t<section class=\"elementor-section elementor-top-section elementor-element elementor-element-ce1ab61 elementor-section-boxed elementor-section-height-default elementor-section-height-default\" data-id=\"ce1ab61\" data-element_type=\"section\" data-e-type=\"section\">\n\t\t\t\t\t\t<div class=\"elementor-container elementor-column-gap-default\">\n\t\t\t\t\t<div class=\"elementor-column elementor-col-50 elementor-top-column elementor-element elementor-element-ea8e144\" data-id=\"ea8e144\" data-element_type=\"column\" data-e-type=\"column\">\n\t\t\t<div class=\"elementor-widget-wrap elementor-element-populated\">\n\t\t\t\t\t\t<div class=\"elementor-element elementor-element-2c94dbf elementor-widget elementor-widget-text-editor\" data-id=\"2c94dbf\" data-element_type=\"widget\" data-e-type=\"widget\" data-widget_type=\"text-editor.default\">\n\t\t\t\t<div class=\"elementor-widget-container\">\n\t\t\t\t\t\t\t\t\t<div data-elementor-setting-key=\"editor\" data-elementor-inline-editing-toolbar=\"advanced\">\n<div>\n<div>\n<p><strong>&nbsp;Postanschrift:<\/strong><\/p>\n<p>Wehlheider Hoftheater e.V.<br>Friedrich-Naumann-Stra\u00dfe 26<br>34131 Kassel<\/p>\n<\/div>\n<\/div>\n<\/div>\t\t\t\t\t\t\t\t<\/div>\n\t\t\t\t<\/div>\n\t\t\t\t\t<\/div>\n\t\t<\/div>\n\t\t\t\t<div class=\"elementor-column elementor-col-50 elementor-top-column elementor-element elementor-element-6411b4b\" data-id=\"6411b4b\" data-element_type=\"column\" data-e-type=\"column\">\n\t\t\t<div class=\"elementor-widget-wrap elementor-element-populated\">\n\t\t\t\t\t\t<div class=\"elementor-element elementor-element-6170db8 elementor-widget elementor-widget-text-editor\" data-id=\"6170db8\" data-element_type=\"widget\" data-e-type=\"widget\" data-widget_type=\"text-editor.default\">\n\t\t\t\t<div class=\"elementor-widget-container\">\n\t\t\t\t\t\t\t\t\t<div data-elementor-setting-key=\"editor\" data-elementor-inline-editing-toolbar=\"advanced\"><div><div><p><strong>\u00a0<\/strong><\/p><p>Email: <a href=\"kontakt@wehlheider-hoftheater.de\">kontakt@wehlheider-hoftheater.de<\/a><br \/>Telefon f\u00fcr Informationen: <a href=\"tel:05617661694\">0561-766169<strong>4<\/strong><\/a><br \/>Telefon f\u00fcr Kartenbestellungen: <a href=\"tel:05617661693\">0561-766169<strong>3<\/strong><\/a><\/p><\/div><\/div><\/div>\t\t\t\t\t\t\t\t<\/div>\n\t\t\t\t<\/div>\n\t\t\t\t\t<\/div>\n\t\t<\/div>\n\t\t\t\t\t<\/div>\n\t\t<\/section>\n\t\t\t\t<\/div>\n\t\t","protected":false},"excerpt":{"rendered":"<p>Wir spielen hier: CassallaTheaterJordanstra\u00dfe 1134117 Kassel und das Weihnachtsst\u00fcck in der Heinrich-Sch\u00fctz-Schule Freiherr-vom-Stein-Stra\u00dfe 11 34119 Kassel &nbsp;Postanschrift: Wehlheider Hoftheater e.V.Friedrich-Naumann-Stra\u00dfe 2634131 Kassel \u00a0 Email: kontakt@wehlheider-hoftheater.deTelefon f\u00fcr Informationen: 0561-7661694Telefon f\u00fcr Kartenbestellungen: 0561-7661693<\/p>\n","protected":false},"author":4,"featured_media":0,"parent":0,"menu_order":0,"comment_status":"closed","ping_status":"closed","template":"elementor_header_footer","meta":{"footnotes":""},"class_list":["post-2722","page","type-page","status-publish","hentry"],"publishpress_future_action":{"enabled":false,"date":"2026-05-09 04:11:49","action":"change-status","newStatus":"draft","terms":[],"taxonomy":"","extraData":[]},"publishpress_future_workflow_manual_trigger":{"enabledWorkflows":[]},"_links":{"self":[{"href":"https:\/\/www.wehlheider-hoftheater.de\/index\/wp-json\/wp\/v2\/pages\/2722","targetHints":{"allow":["GET"]}}],"collection":[{"href":"https:\/\/www.wehlheider-hoftheater.de\/index\/wp-json\/wp\/v2\/pages"}],"about":[{"href":"https:\/\/www.wehlheider-hoftheater.de\/index\/wp-json\/wp\/v2\/types\/page"}],"author":[{"embeddable":true,"href":"https:\/\/www.wehlheider-hoftheater.de\/index\/wp-json\/wp\/v2\/users\/4"}],"replies":[{"embeddable":true,"href":"https:\/\/www.wehlheider-hoftheater.de\/index\/wp-json\/wp\/v2\/comments?post=2722"}],"version-history":[{"count":38,"href":"https:\/\/www.wehlheider-hoftheater.de\/index\/wp-json\/wp\/v2\/pages\/2722\/revisions"}],"predecessor-version":[{"id":15117,"href":"https:\/\/www.wehlheider-hoftheater.de\/index\/wp-json\/wp\/v2\/pages\/2722\/revisions\/15117"}],"wp:attachment":[{"href":"https:\/\/www.wehlheider-hoftheater.de\/index\/wp-json\/wp\/v2\/media?parent=2722"}],"curies":[{"name":"wp","href":"https:\/\/api.w.org\/{rel}","templated":true}]}}