{"id":2719,"date":"2018-07-27T20:06:46","date_gmt":"2018-07-27T18:06:46","guid":{"rendered":"http:\/\/www.wehlheider-hoftheater.de\/index\/?page_id=2719"},"modified":"2026-03-20T10:08:16","modified_gmt":"2026-03-20T09:08:16","slug":"presse-ueber-uns","status":"publish","type":"page","link":"https:\/\/www.wehlheider-hoftheater.de\/index\/presse-ueber-uns\/","title":{"rendered":"Presse \u00fcber uns"},"content":{"rendered":"\t\t<div data-elementor-type=\"wp-post\" data-elementor-id=\"2719\" class=\"elementor elementor-2719\">\n\t\t\t\t\t\t<section class=\"elementor-section elementor-top-section elementor-element elementor-element-d118c26 elementor-section-boxed elementor-section-height-default elementor-section-height-default\" data-id=\"d118c26\" data-element_type=\"section\" data-e-type=\"section\">\n\t\t\t\t\t\t<div class=\"elementor-container elementor-column-gap-default\">\n\t\t\t\t\t<div class=\"elementor-column elementor-col-100 elementor-top-column elementor-element elementor-element-edbbfe5\" data-id=\"edbbfe5\" data-element_type=\"column\" data-e-type=\"column\">\n\t\t\t<div class=\"elementor-widget-wrap elementor-element-populated\">\n\t\t\t\t\t\t<div class=\"elementor-element elementor-element-d103983 elementor-widget elementor-widget-text-editor\" data-id=\"d103983\" data-element_type=\"widget\" data-e-type=\"widget\" data-widget_type=\"text-editor.default\">\n\t\t\t\t<div class=\"elementor-widget-container\">\n\t\t\t\t\t\t\t\t\t<h2>Presseartikel aus 2026<\/h2>\t\t\t\t\t\t\t\t<\/div>\n\t\t\t\t<\/div>\n\t\t\t\t\t<\/div>\n\t\t<\/div>\n\t\t\t\t\t<\/div>\n\t\t<\/section>\n\t\t\t\t<section class=\"elementor-section elementor-top-section elementor-element elementor-element-389ff60 elementor-hidden-desktop elementor-hidden-tablet elementor-hidden-mobile elementor-section-boxed elementor-section-height-default elementor-section-height-default\" data-id=\"389ff60\" data-element_type=\"section\" data-e-type=\"section\">\n\t\t\t\t\t\t<div class=\"elementor-container elementor-column-gap-default\">\n\t\t\t\t\t<div class=\"elementor-column elementor-col-100 elementor-top-column elementor-element elementor-element-192769b\" data-id=\"192769b\" data-element_type=\"column\" data-e-type=\"column\">\n\t\t\t<div class=\"elementor-widget-wrap elementor-element-populated\">\n\t\t\t\t\t\t<div class=\"elementor-element elementor-element-e4ab8fd elementor-widget elementor-widget-text-editor\" data-id=\"e4ab8fd\" data-element_type=\"widget\" data-e-type=\"widget\" data-widget_type=\"text-editor.default\">\n\t\t\t\t<div class=\"elementor-widget-container\">\n\t\t\t\t\t\t\t\t\t<p>In diesem Jahr gibt es noch keine Presseartikel \u00fcber uns.<\/p><p>Gerne kannst du in der unteren Tabelle nach \u00e4lteren Presseartikeln st\u00f6bern.<\/p>\t\t\t\t\t\t\t\t<\/div>\n\t\t\t\t<\/div>\n\t\t\t\t\t<\/div>\n\t\t<\/div>\n\t\t\t\t\t<\/div>\n\t\t<\/section>\n\t\t\t\t<section class=\"elementor-section elementor-top-section elementor-element elementor-element-3355d04 elementor-section-boxed elementor-section-height-default elementor-section-height-default\" data-id=\"3355d04\" data-element_type=\"section\" data-e-type=\"section\">\n\t\t\t\t\t\t<div class=\"elementor-container elementor-column-gap-default\">\n\t\t\t\t\t<div class=\"elementor-column elementor-col-100 elementor-top-column elementor-element elementor-element-842a6f4\" data-id=\"842a6f4\" data-element_type=\"column\" data-e-type=\"column\">\n\t\t\t<div class=\"elementor-widget-wrap elementor-element-populated\">\n\t\t\t\t\t\t<div class=\"elementor-element elementor-element-30e8ba1 elementor-widget elementor-widget-image-gallery\" data-id=\"30e8ba1\" data-element_type=\"widget\" data-e-type=\"widget\" data-widget_type=\"image-gallery.default\">\n\t\t\t\t<div class=\"elementor-widget-container\">\n\t\t\t\t\t\t\t<div class=\"elementor-image-gallery\">\n\t\t\t<div id='gallery-1' class='gallery galleryid-2719 gallery-columns-3 gallery-size-medium_large'><figure class='gallery-item'>\n\t\t\t<div class='gallery-icon landscape'>\n\t\t\t\t<a data-elementor-open-lightbox=\"no\" href='https:\/\/www.wehlheider-hoftheater.de\/index\/wp-content\/uploads\/2026\/03\/Pressebericht_Schule-der-magischen-Tiere.jpeg'><img fetchpriority=\"high\" decoding=\"async\" width=\"525\" height=\"517\" src=\"https:\/\/www.wehlheider-hoftheater.de\/index\/wp-content\/uploads\/2026\/03\/Pressebericht_Schule-der-magischen-Tiere-768x757.jpeg\" class=\"attachment-medium_large size-medium_large\" alt=\"\" aria-describedby=\"gallery-1-21919\" srcset=\"https:\/\/www.wehlheider-hoftheater.de\/index\/wp-content\/uploads\/2026\/03\/Pressebericht_Schule-der-magischen-Tiere-768x757.jpeg 768w, https:\/\/www.wehlheider-hoftheater.de\/index\/wp-content\/uploads\/2026\/03\/Pressebericht_Schule-der-magischen-Tiere-300x296.jpeg 300w, https:\/\/www.wehlheider-hoftheater.de\/index\/wp-content\/uploads\/2026\/03\/Pressebericht_Schule-der-magischen-Tiere-350x345.jpeg 350w, https:\/\/www.wehlheider-hoftheater.de\/index\/wp-content\/uploads\/2026\/03\/Pressebericht_Schule-der-magischen-Tiere.jpeg 849w\" sizes=\"100vw\" \/><\/a>\n\t\t\t<\/div>\n\t\t\t\t<figcaption class='wp-caption-text gallery-caption' id='gallery-1-21919'>\n\t\t\t\tHNA vom 10. M\u00e4rz 2026 Premierenbericht &#8222;Die Schule der magischen Tiere&#8220;\n\t\t\t\t<\/figcaption><\/figure>\n\t\t<\/div>\n\t\t<\/div>\n\t\t\t\t\t\t<\/div>\n\t\t\t\t<\/div>\n\t\t\t\t\t<\/div>\n\t\t<\/div>\n\t\t\t\t\t<\/div>\n\t\t<\/section>\n\t\t\t\t<section class=\"elementor-section elementor-top-section elementor-element elementor-element-02e003b elementor-hidden-desktop elementor-hidden-tablet elementor-hidden-mobile elementor-section-boxed elementor-section-height-default elementor-section-height-default\" data-id=\"02e003b\" data-element_type=\"section\" data-e-type=\"section\">\n\t\t\t\t\t\t<div class=\"elementor-container elementor-column-gap-default\">\n\t\t\t\t\t<div class=\"elementor-column elementor-col-100 elementor-top-column elementor-element elementor-element-2860464\" data-id=\"2860464\" data-element_type=\"column\" data-e-type=\"column\">\n\t\t\t<div class=\"elementor-widget-wrap elementor-element-populated\">\n\t\t\t\t\t\t<div class=\"elementor-element elementor-element-0e750db elementor-widget elementor-widget-spacer\" data-id=\"0e750db\" data-element_type=\"widget\" data-e-type=\"widget\" data-widget_type=\"spacer.default\">\n\t\t\t\t<div class=\"elementor-widget-container\">\n\t\t\t\t\t\t\t<div class=\"elementor-spacer\">\n\t\t\t<div class=\"elementor-spacer-inner\"><\/div>\n\t\t<\/div>\n\t\t\t\t\t\t<\/div>\n\t\t\t\t<\/div>\n\t\t\t\t\t<\/div>\n\t\t<\/div>\n\t\t\t\t\t<\/div>\n\t\t<\/section>\n\t\t\t\t<section class=\"elementor-section elementor-top-section elementor-element elementor-element-2633eba elementor-section-boxed elementor-section-height-default elementor-section-height-default\" data-id=\"2633eba\" data-element_type=\"section\" data-e-type=\"section\">\n\t\t\t\t\t\t<div class=\"elementor-container elementor-column-gap-default\">\n\t\t\t\t\t<div class=\"elementor-column elementor-col-100 elementor-top-column elementor-element elementor-element-3bed8a9\" data-id=\"3bed8a9\" data-element_type=\"column\" data-e-type=\"column\">\n\t\t\t<div class=\"elementor-widget-wrap elementor-element-populated\">\n\t\t\t\t\t\t<div class=\"elementor-element elementor-element-0d20749 elementor-widget elementor-widget-text-editor\" data-id=\"0d20749\" data-element_type=\"widget\" data-e-type=\"widget\" data-widget_type=\"text-editor.default\">\n\t\t\t\t<div class=\"elementor-widget-container\">\n\t\t\t\t\t\t\t\t\t<p><strong>Mehr:<\/strong><\/p>\t\t\t\t\t\t\t\t<\/div>\n\t\t\t\t<\/div>\n\t\t\t\t\t<\/div>\n\t\t<\/div>\n\t\t\t\t\t<\/div>\n\t\t<\/section>\n\t\t\t\t<section class=\"elementor-section elementor-top-section elementor-element elementor-element-67403cb2 elementor-section-boxed elementor-section-height-default elementor-section-height-default\" data-id=\"67403cb2\" data-element_type=\"section\" data-e-type=\"section\">\n\t\t\t\t\t\t<div class=\"elementor-container elementor-column-gap-default\">\n\t\t\t\t\t<div class=\"elementor-column elementor-col-100 elementor-top-column elementor-element elementor-element-6199e2a1\" data-id=\"6199e2a1\" data-element_type=\"column\" data-e-type=\"column\">\n\t\t\t<div class=\"elementor-widget-wrap elementor-element-populated\">\n\t\t\t\t\t\t<div class=\"elementor-element elementor-element-2c540c53 elementor-widget elementor-widget-shortcode\" data-id=\"2c540c53\" data-element_type=\"widget\" data-e-type=\"widget\" data-widget_type=\"shortcode.default\">\n\t\t\t\t<div class=\"elementor-widget-container\">\n\t\t\t\t\t\t\t<div class=\"elementor-shortcode\">\n<table id=\"tablepress-1\" class=\"tablepress tablepress-id-1\">\n<tbody class=\"row-striping row-hover\">\n<tr class=\"row-1\">\n\t<td class=\"column-1\"><a href=\"https:\/\/www.wehlheider-hoftheater.de\/index\/presse-ueber-uns\/\">2026<\/a><\/td><td class=\"column-2\"><a href=\"https:\/\/www.wehlheider-hoftheater.de\/index\/presse-2025\/\">2025<\/a><\/td><td class=\"column-3\"><a href=\"https:\/\/www.wehlheider-hoftheater.de\/index\/presse-2024\/\">2024<\/a><\/td><td class=\"column-4\"><a href=\"https:\/\/www.wehlheider-hoftheater.de\/index\/presse-2023\/\">2023<\/a><\/td><td class=\"column-5\"><a href=\"https:\/\/www.wehlheider-hoftheater.de\/index\/presse-2022\/\">2022<\/a><\/td><td class=\"column-6\"><a href=\"https:\/\/www.wehlheider-hoftheater.de\/index\/presse-2021\/\">2021<\/a><\/td>\n<\/tr>\n<tr class=\"row-2\">\n\t<td class=\"column-1\"><a href=\"https:\/\/www.wehlheider-hoftheater.de\/index\/presse-2020\/\">2020<\/a><\/td><td class=\"column-2\"><a href=\"https:\/\/www.wehlheider-hoftheater.de\/index\/presse-2019\/\">2019<\/a><\/td><td class=\"column-3\"><a href=\"https:\/\/www.wehlheider-hoftheater.de\/index\/presse-artikel-aus-2018\/\">2018<\/a><\/td><td class=\"column-4\"><a href=\"https:\/\/www.wehlheider-hoftheater.de\/index\/presse\/presse-2017\/\">2017<\/a><\/td><td class=\"column-5\"><a href=\"https:\/\/www.wehlheider-hoftheater.de\/index\/presse\/presse-2016\/\">2016<\/a><\/td><td class=\"column-6\"><a href=\"https:\/\/www.wehlheider-hoftheater.de\/index\/presse\/presse-2015\/\">2015<\/a><\/td>\n<\/tr>\n<tr class=\"row-3\">\n\t<td class=\"column-1\"><a href=\"https:\/\/www.wehlheider-hoftheater.de\/index\/presse\/presse-2014\/\">2014<\/a><\/td><td class=\"column-2\"><a href=\"https:\/\/www.wehlheider-hoftheater.de\/index\/presse\/presse-2013\/\">2013<\/a><\/td><td class=\"column-3\"><a href=\"https:\/\/www.wehlheider-hoftheater.de\/index\/presse\/presse-2012\/\">2012<\/a><\/td><td class=\"column-4\"><a href=\"https:\/\/www.wehlheider-hoftheater.de\/index\/presse\/presse-2011\/\">2011<\/a><\/td><td class=\"column-5\"><a href=\"https:\/\/www.wehlheider-hoftheater.de\/index\/presse\/presse-2010\/\">2010<\/a><\/td><td class=\"column-6\"><a href=\"https:\/\/www.wehlheider-hoftheater.de\/index\/presse\/presse-2009\/\">2009<\/a><\/td>\n<\/tr>\n<tr class=\"row-4\">\n\t<td class=\"column-1\"><a href=\"https:\/\/www.wehlheider-hoftheater.de\/index\/presse\/presse-2008\/\">2008<\/a><\/td><td class=\"column-2\"><a href=\"https:\/\/www.wehlheider-hoftheater.de\/index\/presse\/presse-2007\/\">2007<\/a><\/td><td class=\"column-3\"><a href=\"https:\/\/www.wehlheider-hoftheater.de\/index\/presse\/presse-2006\/\">2006<\/a><\/td><td class=\"column-4\"><a href=\"https:\/\/www.wehlheider-hoftheater.de\/index\/presse\/presse-2005\/\">2005<\/a><\/td><td class=\"column-5\"><\/td><td class=\"column-6\"><\/td>\n<\/tr>\n<\/tbody>\n<\/table>\n<!-- #tablepress-1 from cache --><\/div>\n\t\t\t\t\t\t<\/div>\n\t\t\t\t<\/div>\n\t\t\t\t\t<\/div>\n\t\t<\/div>\n\t\t\t\t\t<\/div>\n\t\t<\/section>\n\t\t\t\t<\/div>\n\t\t","protected":false},"excerpt":{"rendered":"<p>Presseartikel aus 2026 In diesem Jahr gibt es noch keine Presseartikel \u00fcber uns. Gerne kannst du in der unteren Tabelle nach \u00e4lteren Presseartikeln st\u00f6bern. HNA vom 10. M\u00e4rz 2026 Premierenbericht &#8222;Die Schule der magischen Tiere&#8220; Mehr:<\/p>\n","protected":false},"author":4,"featured_media":0,"parent":0,"menu_order":0,"comment_status":"closed","ping_status":"closed","template":"elementor_header_footer","meta":{"footnotes":""},"class_list":["post-2719","page","type-page","status-publish","hentry"],"publishpress_future_action":{"enabled":false,"date":"2026-04-21 22:44:57","action":"change-status","newStatus":"draft","terms":[],"taxonomy":"","extraData":[]},"publishpress_future_workflow_manual_trigger":{"enabledWorkflows":[]},"_links":{"self":[{"href":"https:\/\/www.wehlheider-hoftheater.de\/index\/wp-json\/wp\/v2\/pages\/2719","targetHints":{"allow":["GET"]}}],"collection":[{"href":"https:\/\/www.wehlheider-hoftheater.de\/index\/wp-json\/wp\/v2\/pages"}],"about":[{"href":"https:\/\/www.wehlheider-hoftheater.de\/index\/wp-json\/wp\/v2\/types\/page"}],"author":[{"embeddable":true,"href":"https:\/\/www.wehlheider-hoftheater.de\/index\/wp-json\/wp\/v2\/users\/4"}],"replies":[{"embeddable":true,"href":"https:\/\/www.wehlheider-hoftheater.de\/index\/wp-json\/wp\/v2\/comments?post=2719"}],"version-history":[{"count":131,"href":"https:\/\/www.wehlheider-hoftheater.de\/index\/wp-json\/wp\/v2\/pages\/2719\/revisions"}],"predecessor-version":[{"id":21923,"href":"https:\/\/www.wehlheider-hoftheater.de\/index\/wp-json\/wp\/v2\/pages\/2719\/revisions\/21923"}],"wp:attachment":[{"href":"https:\/\/www.wehlheider-hoftheater.de\/index\/wp-json\/wp\/v2\/media?parent=2719"}],"curies":[{"name":"wp","href":"https:\/\/api.w.org\/{rel}","templated":true}]}}