{"id":2710,"date":"2018-07-27T20:05:54","date_gmt":"2018-07-27T18:05:54","guid":{"rendered":"http:\/\/www.wehlheider-hoftheater.de\/index\/?page_id=2710"},"modified":"2018-08-17T08:20:30","modified_gmt":"2018-08-17T06:20:30","slug":"jugendliche","status":"publish","type":"page","link":"https:\/\/www.wehlheider-hoftheater.de\/index\/jugendliche\/","title":{"rendered":"Jugendliche"},"content":{"rendered":"\t\t<div data-elementor-type=\"wp-post\" data-elementor-id=\"2710\" class=\"elementor elementor-2710 elementor-bc-flex-widget\">\n\t\t\t\t\t\t<section class=\"elementor-section elementor-top-section elementor-element elementor-element-b0609e3 elementor-section-boxed elementor-section-height-default elementor-section-height-default\" data-id=\"b0609e3\" data-element_type=\"section\" data-e-type=\"section\">\n\t\t\t\t\t\t<div class=\"elementor-container elementor-column-gap-default\">\n\t\t\t\t\t<div class=\"elementor-column elementor-col-66 elementor-top-column elementor-element elementor-element-1fe4435\" data-id=\"1fe4435\" data-element_type=\"column\" data-e-type=\"column\">\n\t\t\t<div class=\"elementor-widget-wrap elementor-element-populated\">\n\t\t\t\t\t\t<div class=\"elementor-element elementor-element-35f2729 elementor-widget elementor-widget-text-editor\" data-id=\"35f2729\" data-element_type=\"widget\" data-e-type=\"widget\" data-widget_type=\"text-editor.default\">\n\t\t\t\t<div class=\"elementor-widget-container\">\n\t\t\t\t\t\t\t\t\t<h4>Kinder spielen f\u00fcr Kinder<\/h4><p>Bereits Anfang der 90er Jahre spielten wir das erste St\u00fcck unter dem Motto \u201eKinder spielen f\u00fcr Kinder\u201c.<\/p><p>Was damals in unregelm\u00e4\u00dfigen Abst\u00e4nden begann, ist nun seit 2001 fester Bestandteil unseres Spielplans. Jedes Jahr im Fr\u00fchling hebt sich der Vorhang f\u00fcr unsere j\u00fcngsten Stars und sie bezaubern Klein und Gro\u00df und Jung und Alt mit ihrem Spiel. Die Auswahl der gespielten St\u00fccke erstreckt sich von Klassikern wie \u201ePippi Langstrumpf\u201c oder \u201eDer kleine Wassermann\u201c \u00fcber unbekanntere St\u00fccke wie \u201eKalle im Traumland\u201c bis 2015 zu der Welturauff\u00fchrung von \u201eHatschi \u2013 Abenteuer in drei Welten\u201c.<\/p><p>Den Kindern selbst macht dieses Hobby gro\u00dfen Spa\u00df und sie sind mit Eifer dabei, wenn es ihr teilweise sehr straffer Tagesplan auch manchmal kaum zul\u00e4sst. Der Text muss gelernt werden, je nach Gr\u00f6\u00dfe der Rolle finden zwei- bis dreimal in der Woche Proben statt, schminken, umziehen und dann kommen irgendwann die Auff\u00fchrungen. Da muss f\u00fcr diesen Zeitraum schon das eine oder andere Hobby zur\u00fcckgesteckt werden.<\/p><p>Aber der Erfolg, der Applaus, das Lachen des Publikums und vor allem die eigene Freude am Spielen machen diese Anstrengungen f\u00fcr die Kinder wieder wett.<\/p><p>Wir sehen, wie aus kleinen sch\u00fcchternen und zur\u00fcckhaltenden Kindern auf einmal gro\u00dfe, gef\u00e4hrlich br\u00fcllende Monster werden, wie ein zartes piepsiges Stimmchen pl\u00f6tzlich kr\u00e4ftig \u00fcber die B\u00fchne ruft, wie ein Kind durch seine Rolle einmal ganz anders sein kann, als es eigentlich ist.<\/p><p>Wir freuen uns \u00fcber ihre stolzen Gesichter und gerade bei denen, die l\u00e4nger dabei bleiben, sehen wir eine pers\u00f6nliche Entwicklung, bei der wir hoffen, mit unserem Theaterspiel ein kleines Bisschen beigetragen zu haben.<\/p><p>Unsere Kinder- und Jugendarbeit ist zu einem wichtigen Teil unserer Arbeit geworden, vielleicht auch, weil wir an uns selbst sehen, wie uns das Theaterspielen weitergebracht hat und welche M\u00f6glichkeiten es uns erschlie\u00dft und vor allem welche Freude es uns bereitet.<\/p>\t\t\t\t\t\t\t\t<\/div>\n\t\t\t\t<\/div>\n\t\t\t\t\t<\/div>\n\t\t<\/div>\n\t\t\t\t<div class=\"elementor-column elementor-col-33 elementor-top-column elementor-element elementor-element-7cb19fa\" data-id=\"7cb19fa\" data-element_type=\"column\" data-e-type=\"column\">\n\t\t\t<div class=\"elementor-widget-wrap elementor-element-populated\">\n\t\t\t\t\t\t<div class=\"elementor-element elementor-element-fc8bf67 elementor-widget elementor-widget-image-gallery\" data-id=\"fc8bf67\" data-element_type=\"widget\" data-e-type=\"widget\" data-widget_type=\"image-gallery.default\">\n\t\t\t\t<div class=\"elementor-widget-container\">\n\t\t\t\t\t\t\t<div class=\"elementor-image-gallery\">\n\t\t\t<div id='gallery-1' class='gallery galleryid-2710 gallery-columns-1 gallery-size-medium_large'><figure class='gallery-item'>\n\t\t\t<div class='gallery-icon landscape'>\n\t\t\t\t<a data-elementor-open-lightbox=\"yes\" data-elementor-lightbox-slideshow=\"fc8bf67\" data-elementor-lightbox-title=\"Piratenschule P1050240 (800x600)\" data-e-action-hash=\"#elementor-action%3Aaction%3Dlightbox%26settings%3DeyJpZCI6MjkxMSwidXJsIjoiaHR0cHM6XC9cL3d3dy53ZWhsaGVpZGVyLWhvZnRoZWF0ZXIuZGVcL2luZGV4XC93cC1jb250ZW50XC91cGxvYWRzXC8yMDE4XC8wN1wvUGlyYXRlbnNjaHVsZS1QMTA1MDI0MC04MDB4NjAwLWUxNTMzNTgzNjkyODI3LmpwZyIsInNsaWRlc2hvdyI6ImZjOGJmNjcifQ%3D%3D\" href='https:\/\/www.wehlheider-hoftheater.de\/index\/wp-content\/uploads\/2018\/07\/Piratenschule-P1050240-800x600-e1533583692827.jpg'><img fetchpriority=\"high\" decoding=\"async\" width=\"740\" height=\"477\" src=\"https:\/\/www.wehlheider-hoftheater.de\/index\/wp-content\/uploads\/2018\/07\/Piratenschule-P1050240-800x600-e1533583692827-768x495.jpg\" class=\"attachment-medium_large size-medium_large\" alt=\"\" srcset=\"https:\/\/www.wehlheider-hoftheater.de\/index\/wp-content\/uploads\/2018\/07\/Piratenschule-P1050240-800x600-e1533583692827-768x495.jpg 768w, https:\/\/www.wehlheider-hoftheater.de\/index\/wp-content\/uploads\/2018\/07\/Piratenschule-P1050240-800x600-e1533583692827-350x226.jpg 350w, https:\/\/www.wehlheider-hoftheater.de\/index\/wp-content\/uploads\/2018\/07\/Piratenschule-P1050240-800x600-e1533583692827-300x194.jpg 300w, https:\/\/www.wehlheider-hoftheater.de\/index\/wp-content\/uploads\/2018\/07\/Piratenschule-P1050240-800x600-e1533583692827.jpg 800w\" sizes=\"100vw\" \/><\/a>\n\t\t\t<\/div><\/figure><figure class='gallery-item'>\n\t\t\t<div class='gallery-icon landscape'>\n\t\t\t\t<a data-elementor-open-lightbox=\"yes\" data-elementor-lightbox-slideshow=\"fc8bf67\" data-elementor-lightbox-title=\"Piratenschule P1050330 (800x600)\" data-e-action-hash=\"#elementor-action%3Aaction%3Dlightbox%26settings%3DeyJpZCI6MjkxMiwidXJsIjoiaHR0cHM6XC9cL3d3dy53ZWhsaGVpZGVyLWhvZnRoZWF0ZXIuZGVcL2luZGV4XC93cC1jb250ZW50XC91cGxvYWRzXC8yMDE4XC8wN1wvUGlyYXRlbnNjaHVsZS1QMTA1MDMzMC04MDB4NjAwLWUxNTMzMzcxNTUxNDQ0LmpwZyIsInNsaWRlc2hvdyI6ImZjOGJmNjcifQ%3D%3D\" href='https:\/\/www.wehlheider-hoftheater.de\/index\/wp-content\/uploads\/2018\/07\/Piratenschule-P1050330-800x600-e1533371551444.jpg'><img decoding=\"async\" width=\"740\" height=\"482\" src=\"https:\/\/www.wehlheider-hoftheater.de\/index\/wp-content\/uploads\/2018\/07\/Piratenschule-P1050330-800x600-e1533371551444-768x500.jpg\" class=\"attachment-medium_large size-medium_large\" alt=\"\" srcset=\"https:\/\/www.wehlheider-hoftheater.de\/index\/wp-content\/uploads\/2018\/07\/Piratenschule-P1050330-800x600-e1533371551444-768x500.jpg 768w, https:\/\/www.wehlheider-hoftheater.de\/index\/wp-content\/uploads\/2018\/07\/Piratenschule-P1050330-800x600-e1533371551444-350x228.jpg 350w, https:\/\/www.wehlheider-hoftheater.de\/index\/wp-content\/uploads\/2018\/07\/Piratenschule-P1050330-800x600-e1533371551444-300x195.jpg 300w, https:\/\/www.wehlheider-hoftheater.de\/index\/wp-content\/uploads\/2018\/07\/Piratenschule-P1050330-800x600-e1533371551444.jpg 798w\" sizes=\"100vw\" \/><\/a>\n\t\t\t<\/div><\/figure>\n\t\t<\/div>\n\t\t<\/div>\n\t\t\t\t\t\t<\/div>\n\t\t\t\t<\/div>\n\t\t\t\t\t<\/div>\n\t\t<\/div>\n\t\t\t\t\t<\/div>\n\t\t<\/section>\n\t\t\t\t<section class=\"elementor-section elementor-top-section elementor-element elementor-element-1dfc669 elementor-section-boxed elementor-section-height-default elementor-section-height-default\" data-id=\"1dfc669\" data-element_type=\"section\" data-e-type=\"section\">\n\t\t\t\t\t\t<div class=\"elementor-container elementor-column-gap-default\">\n\t\t\t\t\t<div class=\"elementor-column elementor-col-33 elementor-top-column elementor-element elementor-element-68c2465\" data-id=\"68c2465\" data-element_type=\"column\" data-e-type=\"column\">\n\t\t\t<div class=\"elementor-widget-wrap elementor-element-populated\">\n\t\t\t\t\t\t<div class=\"elementor-element elementor-element-edd7cbf elementor-widget elementor-widget-image\" data-id=\"edd7cbf\" data-element_type=\"widget\" data-e-type=\"widget\" data-widget_type=\"image.default\">\n\t\t\t\t<div class=\"elementor-widget-container\">\n\t\t\t\t\t\t\t\t\t\t\t\t\t\t\t<img decoding=\"async\" src=\"https:\/\/www.wehlheider-hoftheater.de\/index\/wp-content\/uploads\/2018\/08\/PlakatA3-Pocahontas1-454x640.jpg\" title=\"\" alt=\"\" loading=\"lazy\" \/>\t\t\t\t\t\t\t\t\t\t\t\t\t\t\t<\/div>\n\t\t\t\t<\/div>\n\t\t\t\t\t<\/div>\n\t\t<\/div>\n\t\t\t\t<div class=\"elementor-column elementor-col-33 elementor-top-column elementor-element elementor-element-6b2f2f3\" data-id=\"6b2f2f3\" data-element_type=\"column\" data-e-type=\"column\">\n\t\t\t<div class=\"elementor-widget-wrap elementor-element-populated\">\n\t\t\t\t\t\t<div class=\"elementor-element elementor-element-5ca349b elementor-widget elementor-widget-image\" data-id=\"5ca349b\" data-element_type=\"widget\" data-e-type=\"widget\" data-widget_type=\"image.default\">\n\t\t\t\t<div class=\"elementor-widget-container\">\n\t\t\t\t\t\t\t\t\t\t\t\t\t\t\t<img decoding=\"async\" src=\"https:\/\/www.wehlheider-hoftheater.de\/index\/wp-content\/uploads\/2018\/08\/16279_385139478250495_1485908677_n.jpg\" title=\"\" alt=\"\" loading=\"lazy\" \/>\t\t\t\t\t\t\t\t\t\t\t\t\t\t\t<\/div>\n\t\t\t\t<\/div>\n\t\t\t\t\t<\/div>\n\t\t<\/div>\n\t\t\t\t<div class=\"elementor-column elementor-col-33 elementor-top-column elementor-element elementor-element-ad627af\" data-id=\"ad627af\" data-element_type=\"column\" data-e-type=\"column\">\n\t\t\t<div class=\"elementor-widget-wrap elementor-element-populated\">\n\t\t\t\t\t\t<div class=\"elementor-element elementor-element-f366341 elementor-widget elementor-widget-image\" data-id=\"f366341\" data-element_type=\"widget\" data-e-type=\"widget\" data-widget_type=\"image.default\">\n\t\t\t\t<div class=\"elementor-widget-container\">\n\t\t\t\t\t\t\t\t\t\t\t\t\t\t\t<img decoding=\"async\" src=\"https:\/\/www.wehlheider-hoftheater.de\/index\/wp-content\/uploads\/2018\/08\/2012-Der-kleine-Eisbaer_Plakat.jpg\" title=\"\" alt=\"\" loading=\"lazy\" \/>\t\t\t\t\t\t\t\t\t\t\t\t\t\t\t<\/div>\n\t\t\t\t<\/div>\n\t\t\t\t\t<\/div>\n\t\t<\/div>\n\t\t\t\t\t<\/div>\n\t\t<\/section>\n\t\t\t\t<\/div>\n\t\t","protected":false},"excerpt":{"rendered":"<p>Kinder spielen f\u00fcr Kinder Bereits Anfang der 90er Jahre spielten wir das erste St\u00fcck unter dem Motto \u201eKinder spielen f\u00fcr Kinder\u201c. Was damals in unregelm\u00e4\u00dfigen Abst\u00e4nden begann, ist nun seit 2001 fester Bestandteil unseres Spielplans. Jedes Jahr im Fr\u00fchling hebt sich der Vorhang f\u00fcr unsere j\u00fcngsten Stars und sie bezaubern Klein und Gro\u00df und Jung &hellip; <\/p>\n<p class=\"link-more\"><a href=\"https:\/\/www.wehlheider-hoftheater.de\/index\/jugendliche\/\" class=\"more-link\"><span class=\"screen-reader-text\">\u201eJugendliche\u201c <\/span>weiterlesen<\/a><\/p>\n","protected":false},"author":4,"featured_media":0,"parent":0,"menu_order":0,"comment_status":"closed","ping_status":"closed","template":"elementor_header_footer","meta":{"footnotes":""},"class_list":["post-2710","page","type-page","status-publish","hentry"],"publishpress_future_action":{"enabled":false,"date":"2026-05-02 13:25:25","action":"change-status","newStatus":"draft","terms":[],"taxonomy":"","extraData":[]},"publishpress_future_workflow_manual_trigger":{"enabledWorkflows":[]},"_links":{"self":[{"href":"https:\/\/www.wehlheider-hoftheater.de\/index\/wp-json\/wp\/v2\/pages\/2710","targetHints":{"allow":["GET"]}}],"collection":[{"href":"https:\/\/www.wehlheider-hoftheater.de\/index\/wp-json\/wp\/v2\/pages"}],"about":[{"href":"https:\/\/www.wehlheider-hoftheater.de\/index\/wp-json\/wp\/v2\/types\/page"}],"author":[{"embeddable":true,"href":"https:\/\/www.wehlheider-hoftheater.de\/index\/wp-json\/wp\/v2\/users\/4"}],"replies":[{"embeddable":true,"href":"https:\/\/www.wehlheider-hoftheater.de\/index\/wp-json\/wp\/v2\/comments?post=2710"}],"version-history":[{"count":7,"href":"https:\/\/www.wehlheider-hoftheater.de\/index\/wp-json\/wp\/v2\/pages\/2710\/revisions"}],"predecessor-version":[{"id":3062,"href":"https:\/\/www.wehlheider-hoftheater.de\/index\/wp-json\/wp\/v2\/pages\/2710\/revisions\/3062"}],"wp:attachment":[{"href":"https:\/\/www.wehlheider-hoftheater.de\/index\/wp-json\/wp\/v2\/media?parent=2710"}],"curies":[{"name":"wp","href":"https:\/\/api.w.org\/{rel}","templated":true}]}}